{"id":19,"date":"2013-01-24T16:11:24","date_gmt":"2013-01-24T16:11:24","guid":{"rendered":"http:\/\/tierhilfe-direkthilfe.de\/?page_id=19"},"modified":"2023-03-28T09:29:34","modified_gmt":"2023-03-28T09:29:34","slug":"start","status":"publish","type":"page","link":"https:\/\/tierhilfe-direkthilfe.de\/","title":{"rendered":"Start"},"content":{"rendered":"<p><strong>Liebe Tierfreunde,<\/strong><\/p>\n<p>unsere Zielsetzung ist die finanzielle, materielle und ideelle Unterst\u00fctzung ausgesuchter und effektiver Tierschutzprojekte und Tierheime.<\/p>\n<p>Wir unterst\u00fctzen Tierschutzeinrichtungen, die sich kompetent f\u00fcr Tiere in Not einsetzen, helfen finanziell schwach gestellte Tierhalter in Notsituationen, fordern aktiv mehr Gerechtigkeit und Rechte f\u00fcr Tiere ein und harte Strafen f\u00fcr Tierqu\u00e4ler!<\/p>\n<p><span style=\"color: #ff0000;\"><img decoding=\"async\" src=\"https:\/\/tierhilfe-direkthilfe.de\/wp-content\/uploads\/2013\/01\/text_start21.jpg\" alt=\"Herzlich willkommen bei der Tierhilfe e.V. - Direkthilfe\" width=\"644\" height=\"62\" \/><\/span><\/p>\n<p>Dem Tierschutz mangelt es nicht an Engagement, sondern an best\u00e4ndigen Finanzmitteln f\u00fcr die t\u00e4glich anfallende, kostenintensive Tierschutzarbeit und die rund um die Uhr Versorgung der betrauten Tiere. Spenden und Mitgliedsbeitr\u00e4ge sind \u00fcberlebensnotwendig, besonders weil in Deutschland kaum bis gar keine \u00f6ffentlichen Mittel f\u00fcr die Aufgabe Tierschutz bereitgestellt werden.<\/p>\n<p>Wir prangern Tierqu\u00e4lerei an, helfen schutzbed\u00fcrftigen Tieren und helfen wo es m\u00f6glich ist. Jeder Beitrag, ob gro\u00df oder klein ist willkommen und hilft ein gerechtes Leben f\u00fcr Tiere zu erreichen.<\/p>\n<p>Tierhilfe &#8211; Direkthilfe ist ein eingetragener Verein beim Amtsgericht Potsdam VR7793P.<\/p>\n<p>Spendenkonto\u00a0Rh\u00f6n-Rennsteig-Sparkasse<\/p>\n<div>\n<div>IBAN:<\/div>\n<div>DE97 8405 0000 1706 1528 13<\/div>\n<div>BIC-\/SWIFT-Code:<\/div>\n<div>HELADEF1RRS<\/div>\n<\/div>\n<div>\n<div><\/div>\n<\/div>\n<p>Wir verzichten bewu\u00dft auf die Ver\u00f6ffentlichung von schockierenden Fotos und Videoaufnahmen. Das Leid vieler Tiere ist hinreichend bekannt.<\/p>\n<p>&#8212;&#8212;&#8212;&#8212;&#8212;&#8212;&#8212;&#8212;&#8212;&#8212;&#8212;&#8212;&#8212;&#8212;&#8212;&#8212;&#8212;&#8212;&#8212;&#8212;&#8212;&#8212;&#8212;&#8212;&#8212;&#8212;&#8212;&#8212;&#8212;&#8212;&#8212;&#8212;&#8212;&#8212;&#8212;&#8212;&#8212;&#8212;&#8212;&#8212;&#8212;&#8212;&#8212;&#8212;&#8212;<\/p>\n<p><em>Bemerkung: Spendenaufrufe der Tierhilfe-Direkthilfe e.V. gelten nicht f\u00fcr das Gebiet des Landes Rheinland-Pfalz. Eine ausf\u00fchrliche <span style=\"color: #ff0000;\">Info<\/span> hierzu finden Sie unter der Rubrik <span style=\"color: #ff0000;\">\u201eWissen\u201c<\/span><\/em><\/p>\n","protected":false},"excerpt":{"rendered":"<p>Liebe Tierfreunde, unsere Zielsetzung ist die finanzielle, materielle und ideelle Unterst\u00fctzung ausgesuchter und effektiver Tierschutzprojekte und Tierheime. Wir unterst\u00fctzen Tierschutzeinrichtungen, die sich kompetent f\u00fcr Tiere in Not einsetzen, helfen finanziell schwach gestellte Tierhalter in Notsituationen, fordern aktiv mehr Gerechtigkeit und &hellip; <a href=\"https:\/\/tierhilfe-direkthilfe.de\/\">Weiterlesen <span class=\"meta-nav\">&rarr;<\/span><\/a><\/p>\n","protected":false},"author":1,"featured_media":0,"parent":0,"menu_order":0,"comment_status":"closed","ping_status":"closed","template":"","meta":{"_uag_custom_page_level_css":"","ngg_post_thumbnail":0,"footnotes":""},"class_list":["post-19","page","type-page","status-publish","hentry"],"uagb_featured_image_src":{"full":false,"thumbnail":false,"medium":false,"medium_large":false,"large":false,"1536x1536":false,"2048x2048":false,"wptouch-new-thumbnail":false,"post-thumbnail":false},"uagb_author_info":{"display_name":"proesch","author_link":"https:\/\/tierhilfe-direkthilfe.de\/?author=1"},"uagb_comment_info":0,"uagb_excerpt":"Liebe Tierfreunde, unsere Zielsetzung ist die finanzielle, materielle und ideelle Unterst\u00fctzung ausgesuchter und effektiver Tierschutzprojekte und Tierheime. Wir unterst\u00fctzen Tierschutzeinrichtungen, die sich kompetent f\u00fcr Tiere in Not einsetzen, helfen finanziell schwach gestellte Tierhalter in Notsituationen, fordern aktiv mehr Gerechtigkeit und &hellip; Weiterlesen &rarr;","_links":{"self":[{"href":"https:\/\/tierhilfe-direkthilfe.de\/index.php?rest_route=\/wp\/v2\/pages\/19","targetHints":{"allow":["GET"]}}],"collection":[{"href":"https:\/\/tierhilfe-direkthilfe.de\/index.php?rest_route=\/wp\/v2\/pages"}],"about":[{"href":"https:\/\/tierhilfe-direkthilfe.de\/index.php?rest_route=\/wp\/v2\/types\/page"}],"author":[{"embeddable":true,"href":"https:\/\/tierhilfe-direkthilfe.de\/index.php?rest_route=\/wp\/v2\/users\/1"}],"replies":[{"embeddable":true,"href":"https:\/\/tierhilfe-direkthilfe.de\/index.php?rest_route=%2Fwp%2Fv2%2Fcomments&post=19"}],"version-history":[{"count":29,"href":"https:\/\/tierhilfe-direkthilfe.de\/index.php?rest_route=\/wp\/v2\/pages\/19\/revisions"}],"predecessor-version":[{"id":783,"href":"https:\/\/tierhilfe-direkthilfe.de\/index.php?rest_route=\/wp\/v2\/pages\/19\/revisions\/783"}],"wp:attachment":[{"href":"https:\/\/tierhilfe-direkthilfe.de\/index.php?rest_route=%2Fwp%2Fv2%2Fmedia&parent=19"}],"curies":[{"name":"wp","href":"https:\/\/api.w.org\/{rel}","templated":true}]}}