{"id":121,"date":"2013-11-11T10:17:13","date_gmt":"2013-11-11T10:17:13","guid":{"rendered":"http:\/\/tierhilfe-direkthilfe.de\/?page_id=121"},"modified":"2023-03-28T11:38:58","modified_gmt":"2023-03-28T11:38:58","slug":"zv","status":"publish","type":"page","link":"https:\/\/tierhilfe-direkthilfe.de\/?page_id=121","title":{"rendered":"SEPA"},"content":{"rendered":"<h2><a href=\"https:\/\/tierhilfe-direkthilfe.de\/?attachment_id=381\" rel=\"attachment wp-att-381\"><img fetchpriority=\"high\" decoding=\"async\" class=\"alignnone size-full wp-image-381\" src=\"https:\/\/tierhilfe-direkthilfe.de\/wp-content\/uploads\/2016\/11\/DSC_0275.jpg\" alt=\"DSC_0275\" width=\"4928\" height=\"3264\" \/><\/a><\/h2>\n<h2><strong>Lastschriftverfahren<\/strong><\/h2>\n<p><strong>Die Tierhilfe e.V. &#8211; Direkthilfe<\/strong> erhebt die Mitgliedsbeitr\u00e4ge per Lastschriften-Einzug.<br \/>\nDies ist der Wunsch der Mitgliederversammlung im Sinne des Mitglieds, damit alle Vorteile, die dieses Verfahren mit sich bringt, beim Mitglied sind.<br \/>\nUm am Lastschrifteneinzugsverfahren teilnehmen zu d\u00fcrfen, muss dies bei einem Geldinstitut beantragt werden. Da die einziehende Bank f\u00fcr diese Betr\u00e4ge haftet, werden die Kunden zun\u00e4chst sorgf\u00e4lltig \u00fcberpr\u00fcft. Denn die eingezogenen Betr\u00e4ge k\u00f6nnen vom Mitglied, seit der Einf\u00fchrung des SEPA-Verfahrens im Februar 2014, acht Wochen lang, ohne Angaben von Gr\u00fcnden, kostenfrei zur\u00fcck gebucht werden. Bei einem Widerruf muss die Bank, unabh\u00e4ngig vom Kontostand ihres Kunden, den Betrag erstatten. Bei einer \u00dcberweisung besteht diese M\u00f6glichkeit nicht und Sie k\u00f6nnen nicht \u00fcberpr\u00fcfen, ob der Kontoinhaber und die Kontonummer identisch sind. Die Teilnahme an diesem Verfahren muss zun\u00e4chst bei der Bundesbank beantragt werden, wo dann eine Zulassung erteilt wird. Die Nummer (Gl\u00e4ubiger-ID) der Tierhilfe e.V. &#8211; Direkthilfe lautet:<\/p>\n<p><b>DE14ZZZ00000441843<\/b><\/p>\n<p>Der Sicherheitsaspekt ist die Nennung des einziehenden Kontoinhabers mit seiner Kontonummer auf Ihrem Kontoauszug. So kann von Ihnen nachvollzogen werden, wer den Beitrag eingezogen hat. Dar\u00fcber hinaus werden die Lastschriften nicht mehr sofort gebucht, sondern sie m\u00fcssen mindestens drei Banktage f\u00fcr Sie kenntlich sein, bevor das Geld weitergeleitet wird.<\/p>\n<p>SEPA Lastschrift, einfach &#8211; sicher.<\/p>\n<p>Teilnahme am Lastschriftverfahren:<\/p>\n<p><a href=\"https:\/\/tierhilfe-direkthilfe.de\/wp-content\/uploads\/2013\/11\/SEPA-Mandat-THD.pdf\" target=\"_blank\" rel=\"noopener\">Bitte klicken Sie auf diesen Link, um uns eine Einzugserm\u00e4chtigung zu erteilen.<\/a><\/p>\n","protected":false},"excerpt":{"rendered":"<p>Lastschriftverfahren Die Tierhilfe e.V. &#8211; Direkthilfe erhebt die Mitgliedsbeitr\u00e4ge per Lastschriften-Einzug. Dies ist der Wunsch der Mitgliederversammlung im Sinne des Mitglieds, damit alle Vorteile, die dieses Verfahren mit sich bringt, beim Mitglied sind. Um am Lastschrifteneinzugsverfahren teilnehmen zu d\u00fcrfen, muss &hellip; <a href=\"https:\/\/tierhilfe-direkthilfe.de\/?page_id=121\">Weiterlesen <span class=\"meta-nav\">&rarr;<\/span><\/a><\/p>\n","protected":false},"author":1,"featured_media":0,"parent":0,"menu_order":0,"comment_status":"closed","ping_status":"closed","template":"","meta":{"_uag_custom_page_level_css":"","ngg_post_thumbnail":0,"footnotes":""},"class_list":["post-121","page","type-page","status-publish","hentry"],"uagb_featured_image_src":{"full":false,"thumbnail":false,"medium":false,"medium_large":false,"large":false,"1536x1536":false,"2048x2048":false,"wptouch-new-thumbnail":false,"post-thumbnail":false},"uagb_author_info":{"display_name":"proesch","author_link":"https:\/\/tierhilfe-direkthilfe.de\/?author=1"},"uagb_comment_info":0,"uagb_excerpt":"Lastschriftverfahren Die Tierhilfe e.V. &#8211; Direkthilfe erhebt die Mitgliedsbeitr\u00e4ge per Lastschriften-Einzug. Dies ist der Wunsch der Mitgliederversammlung im Sinne des Mitglieds, damit alle Vorteile, die dieses Verfahren mit sich bringt, beim Mitglied sind. Um am Lastschrifteneinzugsverfahren teilnehmen zu d\u00fcrfen, muss &hellip; Weiterlesen &rarr;","_links":{"self":[{"href":"https:\/\/tierhilfe-direkthilfe.de\/index.php?rest_route=\/wp\/v2\/pages\/121","targetHints":{"allow":["GET"]}}],"collection":[{"href":"https:\/\/tierhilfe-direkthilfe.de\/index.php?rest_route=\/wp\/v2\/pages"}],"about":[{"href":"https:\/\/tierhilfe-direkthilfe.de\/index.php?rest_route=\/wp\/v2\/types\/page"}],"author":[{"embeddable":true,"href":"https:\/\/tierhilfe-direkthilfe.de\/index.php?rest_route=\/wp\/v2\/users\/1"}],"replies":[{"embeddable":true,"href":"https:\/\/tierhilfe-direkthilfe.de\/index.php?rest_route=%2Fwp%2Fv2%2Fcomments&post=121"}],"version-history":[{"count":10,"href":"https:\/\/tierhilfe-direkthilfe.de\/index.php?rest_route=\/wp\/v2\/pages\/121\/revisions"}],"predecessor-version":[{"id":800,"href":"https:\/\/tierhilfe-direkthilfe.de\/index.php?rest_route=\/wp\/v2\/pages\/121\/revisions\/800"}],"wp:attachment":[{"href":"https:\/\/tierhilfe-direkthilfe.de\/index.php?rest_route=%2Fwp%2Fv2%2Fmedia&parent=121"}],"curies":[{"name":"wp","href":"https:\/\/api.w.org\/{rel}","templated":true}]}}